{"id":138,"date":"2025-07-18T10:46:29","date_gmt":"2025-07-18T10:46:29","guid":{"rendered":"https:\/\/www.colorworks.es\/landing\/"},"modified":"2025-07-18T12:06:55","modified_gmt":"2025-07-18T12:06:55","slug":"landing","status":"publish","type":"page","link":"https:\/\/www.colorworks.es\/es\/","title":{"rendered":"Landing"},"content":{"rendered":"<p>[et_pb_section fb_built=\u00bb1&#8243; admin_label=\u00bbHeader\u00bb _builder_version=\u00bb4.25.1&#8243; _module_preset=\u00bbdefault\u00bb custom_padding=\u00bb0px||0px||true|false\u00bb collapsed=\u00bboff\u00bb global_colors_info=\u00bb{}\u00bb][et_pb_row column_structure=\u00bb1_2,1_2&#8243; use_custom_gutter=\u00bbon\u00bb gutter_width=\u00bb1&#8243; make_equal=\u00bbon\u00bb _builder_version=\u00bb4.27.2&#8243; _module_preset=\u00bbdefault\u00bb background_color=\u00bb#004a99&#8243; background_image=\u00bbhttps:\/\/www.colorworks.es\/wp-content\/uploads\/2024\/11\/eatery-14.jpg\u00bb background_position=\u00bbtop_center\u00bb background_blend=\u00bbmultiply\u00bb width=\u00bb100%\u00bb max_width=\u00bbnone\u00bb module_alignment=\u00bbcenter\u00bb custom_padding=\u00bb0px||0px||true|false\u00bb mix_blend_mode=\u00bbmultiply\u00bb global_colors_info=\u00bb{}\u00bb][et_pb_column type=\u00bb1_2&#8243; _builder_version=\u00bb4.27.2&#8243; _module_preset=\u00bbdefault\u00bb background_enable_color=\u00bboff\u00bb background_enable_image=\u00bboff\u00bb background_blend=\u00bbmultiply\u00bb custom_padding=\u00bb4%|5%|4%|5%|true|true\u00bb global_colors_info=\u00bb{}\u00bb][et_pb_image src=\u00bbhttps:\/\/www.colorworks.es\/wp-content\/uploads\/2024\/11\/cwk-flower.png\u00bb title_text=\u00bbcwk-flower\u00bb show_bottom_space=\u00bboff\u00bb _builder_version=\u00bb4.27.2&#8243; _module_preset=\u00bbdefault\u00bb width=\u00bb21%\u00bb width_tablet=\u00bb48%\u00bb width_phone=\u00bb24%\u00bb width_last_edited=\u00bbon|tablet\u00bb module_alignment=\u00bbleft\u00bb global_colors_info=\u00bb{}\u00bb][\/et_pb_image][et_pb_image src=\u00bbhttps:\/\/www.colorworks.es\/wp-content\/uploads\/2024\/11\/spatter-yellow.png\u00bb title_text=\u00bbspatter-yellow\u00bb _builder_version=\u00bb4.27.2&#8243; _module_preset=\u00bbdefault\u00bb z_index=\u00bb4&#8243; width=\u00bb52%\u00bb module_alignment=\u00bbcenter\u00bb custom_margin=\u00bb-123px||-65px||false|false\u00bb custom_margin_tablet=\u00bb-10px||-65px||false|false\u00bb custom_margin_phone=\u00bb-25px||-57px||false|false\u00bb custom_margin_last_edited=\u00bbon|tablet\u00bb global_colors_info=\u00bb{}\u00bb][\/et_pb_image][et_pb_text disabled_on=\u00bboff|on|on\u00bb _builder_version=\u00bb4.27.4&#8243; _module_preset=\u00bbdefault\u00bb text_font=\u00bbJost|900|||||||\u00bb text_letter_spacing=\u00bb-4px\u00bb text_line_height=\u00bb1.4em\u00bb header_font=\u00bbJost|900||on|||||\u00bb header_text_align=\u00bbcenter\u00bb header_text_color=\u00bb#FFFFFF\u00bb header_font_size=\u00bb73px\u00bb header_line_height=\u00bb0.8em\u00bb header_2_font=\u00bbJost|900||on|||||\u00bb header_2_text_align=\u00bbcenter\u00bb header_2_text_color=\u00bb#FFFFFF\u00bb header_2_font_size=\u00bb36px\u00bb header_2_letter_spacing=\u00bb-3px\u00bb header_2_line_height=\u00bb0.4em\u00bb header_3_font=\u00bbJost|900||on|||||\u00bb header_3_text_align=\u00bbcenter\u00bb header_3_text_color=\u00bb#FFFFFF\u00bb header_3_font_size=\u00bb44px\u00bb header_3_letter_spacing=\u00bb-4px\u00bb header_4_font=\u00bbJost|900||on|||||\u00bb header_4_text_align=\u00bbcenter\u00bb header_4_text_color=\u00bb#FFFFFF\u00bb header_4_font_size=\u00bb41px\u00bb header_4_letter_spacing=\u00bb-3px\u00bb header_4_line_height=\u00bb0.3em\u00bb header_5_font=\u00bbJost|900||on|||||\u00bb header_5_text_align=\u00bbcenter\u00bb header_5_text_color=\u00bb#FFFFFF\u00bb header_5_font_size=\u00bb44px\u00bb header_5_letter_spacing=\u00bb-4px\u00bb header_5_line_height=\u00bb0.9em\u00bb header_2_font_size_tablet=\u00bb36px\u00bb header_2_font_size_phone=\u00bb40px\u00bb header_2_font_size_last_edited=\u00bbon|phone\u00bb header_2_line_height_tablet=\u00bb0.4em\u00bb header_2_line_height_phone=\u00bb0.8em\u00bb header_2_line_height_last_edited=\u00bbon|phone\u00bb header_3_font_size_tablet=\u00bb44px\u00bb header_3_font_size_phone=\u00bb27px\u00bb header_3_font_size_last_edited=\u00bbon|tablet\u00bb header_3_line_height_tablet=\u00bb\u00bb header_3_line_height_phone=\u00bb0.3em\u00bb header_3_line_height_last_edited=\u00bbon|phone\u00bb header_4_font_size_tablet=\u00bb41px\u00bb header_4_font_size_phone=\u00bb25px\u00bb header_4_font_size_last_edited=\u00bbon|phone\u00bb header_4_line_height_tablet=\u00bb0.3em\u00bb header_4_line_height_phone=\u00bb0.9em\u00bb header_4_line_height_last_edited=\u00bbon|phone\u00bb header_5_font_size_tablet=\u00bb44px\u00bb header_5_font_size_phone=\u00bb48px\u00bb header_5_font_size_last_edited=\u00bbon|phone\u00bb header_5_line_height_tablet=\u00bb0.9em\u00bb header_5_line_height_phone=\u00bb0.8em\u00bb header_5_line_height_last_edited=\u00bbon|phone\u00bb global_colors_info=\u00bb{}\u00bb]<\/p>\n<h1>Color<br \/>works<\/h1>\n<p>[\/et_pb_text][et_pb_text disabled_on=\u00bbon|off|off\u00bb _builder_version=\u00bb4.27.4&#8243; _module_preset=\u00bbdefault\u00bb text_font=\u00bbJost|900|||||||\u00bb text_letter_spacing=\u00bb-4px\u00bb text_line_height=\u00bb1.4em\u00bb header_font=\u00bbJost|900||on|||||\u00bb header_text_color=\u00bb#FFFFFF\u00bb header_font_size=\u00bb71px\u00bb header_line_height=\u00bb0.8em\u00bb header_2_font=\u00bbJost|900||on|||||\u00bb header_2_text_color=\u00bb#FFFFFF\u00bb header_2_font_size=\u00bb36px\u00bb header_2_letter_spacing=\u00bb-3px\u00bb header_2_line_height=\u00bb0.4em\u00bb header_3_font=\u00bbJost|900||on|||||\u00bb header_3_text_color=\u00bb#FFFFFF\u00bb header_3_font_size=\u00bb44px\u00bb header_3_letter_spacing=\u00bb-4px\u00bb header_4_font=\u00bbJost|900||on|||||\u00bb header_4_text_color=\u00bb#FFFFFF\u00bb header_4_font_size=\u00bb41px\u00bb header_4_letter_spacing=\u00bb-3px\u00bb header_4_line_height=\u00bb0.3em\u00bb header_5_font=\u00bbJost|900||on|||||\u00bb header_5_text_color=\u00bb#FFFFFF\u00bb header_5_font_size=\u00bb44px\u00bb header_5_letter_spacing=\u00bb-4px\u00bb header_5_line_height=\u00bb0.9em\u00bb header_2_line_height_tablet=\u00bb0.4em\u00bb header_2_line_height_phone=\u00bb0.9em\u00bb header_2_line_height_last_edited=\u00bbon|phone\u00bb header_3_font_size_tablet=\u00bb44px\u00bb header_3_font_size_phone=\u00bb27px\u00bb header_3_font_size_last_edited=\u00bbon|tablet\u00bb header_3_line_height_tablet=\u00bb\u00bb header_3_line_height_phone=\u00bb0.3em\u00bb header_3_line_height_last_edited=\u00bbon|phone\u00bb header_4_font_size_tablet=\u00bb41px\u00bb header_4_font_size_phone=\u00bb25px\u00bb header_4_font_size_last_edited=\u00bbon|phone\u00bb header_4_line_height_tablet=\u00bb0.3em\u00bb header_4_line_height_phone=\u00bb0.9em\u00bb header_4_line_height_last_edited=\u00bbon|phone\u00bb header_5_font_size_tablet=\u00bb44px\u00bb header_5_font_size_phone=\u00bb48px\u00bb header_5_font_size_last_edited=\u00bbon|phone\u00bb header_5_line_height_tablet=\u00bb0.9em\u00bb header_5_line_height_phone=\u00bb0.8em\u00bb header_5_line_height_last_edited=\u00bbon|phone\u00bb global_colors_info=\u00bb{}\u00bb]<\/p>\n<h1>Colorworks<\/h1>\n<p>[\/et_pb_text][et_pb_image src=\u00bbhttps:\/\/www.colorworks.es\/wp-content\/uploads\/2024\/11\/spatter-blue.png\u00bb title_text=\u00bbspatter-blue\u00bb _builder_version=\u00bb4.27.2&#8243; _module_preset=\u00bbdefault\u00bb z_index=\u00bb5&#8243; width=\u00bb44%\u00bb module_alignment=\u00bbright\u00bb custom_margin_tablet=\u00bb||-29vh||false|false\u00bb custom_margin_phone=\u00bb||-16vh||false|false\u00bb custom_margin_last_edited=\u00bbon|phone\u00bb scroll_vertical_motion=\u00bb0|50|50|100|0.5|0|-4&#8243; global_colors_info=\u00bb{}\u00bb][\/et_pb_image][\/et_pb_column][et_pb_column type=\u00bb1_2&#8243; _builder_version=\u00bb4.27.2&#8243; _module_preset=\u00bbdefault\u00bb background_enable_color=\u00bboff\u00bb background_enable_image=\u00bboff\u00bb background_blend=\u00bbmultiply\u00bb custom_padding=\u00bb10%|5%|10%|5%|true|true\u00bb global_colors_info=\u00bb{}\u00bb][et_pb_text _builder_version=\u00bb4.27.4&#8243; _module_preset=\u00bbdefault\u00bb text_font=\u00bbJost||||||||\u00bb text_text_color=\u00bb#FFFFFF\u00bb text_font_size=\u00bb26px\u00bb text_line_height=\u00bb1.4em\u00bb header_font=\u00bbJost|900||on|||||\u00bb header_text_color=\u00bb#FFFFFF\u00bb header_font_size=\u00bb68px\u00bb header_line_height=\u00bb0.8em\u00bb header_2_font=\u00bbJost|900||on|||||\u00bb header_2_text_color=\u00bb#FFFFFF\u00bb header_2_font_size=\u00bb62px\u00bb header_2_letter_spacing=\u00bb-4px\u00bb header_2_line_height=\u00bb0.9em\u00bb header_3_font=\u00bbJost|900||on|||||\u00bb header_3_text_color=\u00bb#FFFFFF\u00bb header_3_font_size=\u00bb41px\u00bb header_3_letter_spacing=\u00bb-3px\u00bb header_4_font=\u00bbJost|500|||||||\u00bb header_4_text_align=\u00bbleft\u00bb header_4_text_color=\u00bb#FFFFFF\u00bb header_4_font_size=\u00bb35px\u00bb header_4_letter_spacing=\u00bb1px\u00bb header_4_line_height=\u00bb1.1em\u00bb header_5_font=\u00bbJost|900||on|||||\u00bb header_5_text_color=\u00bb#FFFFFF\u00bb header_5_font_size=\u00bb30px\u00bb header_5_letter_spacing=\u00bb-3px\u00bb header_5_line_height=\u00bb0.9em\u00bb hover_enabled=\u00bb0&#8243; text_font_size_tablet=\u00bb23px\u00bb text_font_size_phone=\u00bb20px\u00bb text_font_size_last_edited=\u00bbon|phone\u00bb header_font_size_tablet=\u00bb68px\u00bb header_font_size_phone=\u00bb52px\u00bb header_font_size_last_edited=\u00bbon|phone\u00bb header_2_font_size_tablet=\u00bb62px\u00bb header_2_font_size_phone=\u00bb41px\u00bb header_2_font_size_last_edited=\u00bbon|phone\u00bb header_2_line_height_tablet=\u00bb0.9em\u00bb header_2_line_height_phone=\u00bb0.5em\u00bb header_2_line_height_last_edited=\u00bbon|phone\u00bb header_3_text_align_tablet=\u00bb\u00bb header_3_text_align_phone=\u00bbcenter\u00bb header_3_text_align_last_edited=\u00bbon|phone\u00bb header_3_font_size_tablet=\u00bb41px\u00bb header_3_font_size_phone=\u00bb26px\u00bb header_3_font_size_last_edited=\u00bbon|phone\u00bb header_4_font_size_tablet=\u00bb41px\u00bb header_4_font_size_phone=\u00bb44px\u00bb header_4_font_size_last_edited=\u00bbon|phone\u00bb header_4_line_height_tablet=\u00bb0.3em\u00bb header_4_line_height_phone=\u00bb0.9em\u00bb header_4_line_height_last_edited=\u00bbon|phone\u00bb global_colors_info=\u00bb{}\u00bb sticky_enabled=\u00bb0&#8243;]<\/p>\n<h3>Aviso para Nuevos Visitantes<\/h3>\n<p>Gracias por visitar Colorworks.<\/p>\n<p>Les informamos que actualmente operamos como una empresa de impresi\u00f3n privada, atendiendo \u00fanicamente a nuestros clientes existentes. Como parte de una reciente reducci\u00f3n de operaciones, ya no estamos aceptando nuevos clientes.<\/p>\n<p>Agradecemos a todos su inter\u00e9s en nuestros servicios a lo largo de los a\u00f1os. Para obtener informaci\u00f3n sobre compa\u00f1\u00edas alternativas, haga clic aqu\u00ed.<\/p>\n<p>[\/et_pb_text][et_pb_button button_url=\u00bb@ET-DC@eyJkeW5hbWljIjp0cnVlLCJjb250ZW50IjoicG9zdF9saW5rX3VybF9wYWdlIiwic2V0dGluZ3MiOnsicG9zdF9pZCI6IjExOSJ9fQ==@\u00bb button_text=\u00bbProveedores alternativos\u00bb button_alignment=\u00bbcenter\u00bb button_alignment_tablet=\u00bbcenter\u00bb button_alignment_phone=\u00bbcenter\u00bb button_alignment_last_edited=\u00bbon|phone\u00bb _builder_version=\u00bb4.27.4&#8243; _dynamic_attributes=\u00bbbutton_url\u00bb _module_preset=\u00bb_initial\u00bb custom_button=\u00bbon\u00bb button_text_size=\u00bb23px\u00bb button_text_color=\u00bb#000000&#8243; button_bg_color=\u00bb#EDF000&#8243; button_border_width=\u00bb0px\u00bb button_border_radius=\u00bb0px\u00bb button_letter_spacing=\u00bb0em\u00bb button_font=\u00bbJost|800||on|||||\u00bb custom_margin_tablet=\u00bb\u00bb custom_margin_phone=\u00bb10px||||false|false\u00bb custom_margin_last_edited=\u00bbon|phone\u00bb custom_padding=\u00bb16px|40px|16px|40px|true|true\u00bb custom_padding_tablet=\u00bb16px|40px|16px|40px|true|true\u00bb custom_padding_phone=\u00bb16px|29px|16px|29px|true|true\u00bb custom_padding_last_edited=\u00bbon|phone\u00bb hover_enabled=\u00bb0&#8243; global_colors_info=\u00bb{}\u00bb button_bg_color__hover_enabled=\u00bbon|hover\u00bb button_bg_color__hover=\u00bb#0C71C3&#8243; button_bg_enable_color__hover=\u00bbon\u00bb button_text_color__hover_enabled=\u00bbon|hover\u00bb button_text_color__hover=\u00bb#FFFFFF\u00bb sticky_enabled=\u00bb0&#8243; custom_margin=\u00bb25px||||false|false\u00bb][\/et_pb_button][\/et_pb_column][\/et_pb_row][\/et_pb_section][et_pb_section fb_built=\u00bb1&#8243; admin_label=\u00bbFooter\u00bb _builder_version=\u00bb4.25.1&#8243; _module_preset=\u00bbdefault\u00bb saved_tabs=\u00bball\u00bb collapsed=\u00bbon\u00bb global_colors_info=\u00bb{}\u00bb][et_pb_row _builder_version=\u00bb4.25.1&#8243; _module_preset=\u00bbdefault\u00bb global_colors_info=\u00bb{}\u00bb][et_pb_column type=\u00bb4_4&#8243; _builder_version=\u00bb4.25.1&#8243; _module_preset=\u00bbdefault\u00bb global_colors_info=\u00bb{}\u00bb][et_pb_image src=\u00bbhttps:\/\/www.colorworks.es\/wp-content\/uploads\/2024\/11\/colorworks_logo_blue.png\u00bb title_text=\u00bbcolorworks_logo_blue\u00bb align=\u00bbcenter\u00bb _builder_version=\u00bb4.27.2&#8243; _module_preset=\u00bbdefault\u00bb width=\u00bb31%\u00bb width_tablet=\u00bb60%\u00bb width_phone=\u00bb100%\u00bb width_last_edited=\u00bbon|phone\u00bb global_colors_info=\u00bb{}\u00bb][\/et_pb_image][et_pb_text quote_border_color=\u00bb#e26037&#8243; _builder_version=\u00bb4.27.2&#8243; _dynamic_attributes=\u00bbcontent\u00bb _module_preset=\u00bb_initial\u00bb text_text_color=\u00bbrgba(102,102,102,0.5)\u00bb text_font_size=\u00bb16px\u00bb text_line_height=\u00bb1.8em\u00bb link_text_color=\u00bb#e26037&#8243; quote_font=\u00bbDM Sans|700|||||||\u00bb quote_text_color=\u00bb#e26037&#8243; quote_font_size=\u00bb24px\u00bb quote_line_height=\u00bb1.3em\u00bb header_font=\u00bbDM Sans|700|||||||\u00bb header_font_size=\u00bb80px\u00bb header_line_height=\u00bb1.1em\u00bb header_2_font=\u00bbDM Sans|700|||||||\u00bb header_2_font_size=\u00bb52px\u00bb header_2_line_height=\u00bb1.2em\u00bb header_3_font=\u00bbDM Sans|700|||||||\u00bb header_3_font_size=\u00bb36px\u00bb header_3_line_height=\u00bb1.2em\u00bb header_4_font=\u00bbDM Sans|700|||||||\u00bb header_4_font_size=\u00bb24px\u00bb header_4_line_height=\u00bb1.3em\u00bb header_5_font=\u00bbDM Sans|700|||||||\u00bb header_5_font_size=\u00bb20px\u00bb header_5_line_height=\u00bb1.4em\u00bb header_6_font=\u00bbDM Sans|700||on|||||\u00bb header_6_font_size=\u00bb16px\u00bb header_6_line_height=\u00bb1.4em\u00bb text_orientation=\u00bbcenter\u00bb text_font_size_tablet=\u00bb15px\u00bb text_font_size_phone=\u00bb14px\u00bb text_font_size_last_edited=\u00bbon|desktop\u00bb quote_font_size_tablet=\u00bb20px\u00bb quote_font_size_phone=\u00bb16px\u00bb quote_font_size_last_edited=\u00bbon|phone\u00bb header_font_size_tablet=\u00bb40px\u00bb header_font_size_phone=\u00bb24px\u00bb header_font_size_last_edited=\u00bbon|desktop\u00bb header_2_font_size_tablet=\u00bb32px\u00bb header_2_font_size_phone=\u00bb20px\u00bb header_2_font_size_last_edited=\u00bbon|phone\u00bb header_3_font_size_tablet=\u00bb24px\u00bb header_3_font_size_phone=\u00bb18px\u00bb header_3_font_size_last_edited=\u00bbon|phone\u00bb header_4_font_size_tablet=\u00bb20px\u00bb header_4_font_size_phone=\u00bb16px\u00bb header_4_font_size_last_edited=\u00bbon|desktop\u00bb header_5_font_size_tablet=\u00bb18px\u00bb header_5_font_size_phone=\u00bb15px\u00bb header_5_font_size_last_edited=\u00bbon|phone\u00bb header_6_font_size_tablet=\u00bb15px\u00bb header_6_font_size_phone=\u00bb14px\u00bb header_6_font_size_last_edited=\u00bbon|desktop\u00bb locked=\u00bboff\u00bb global_colors_info=\u00bb{}\u00bb]@ET-DC@eyJkeW5hbWljIjp0cnVlLCJjb250ZW50IjoiY3VycmVudF9kYXRlIiwic2V0dGluZ3MiOnsiYmVmb3JlIjoiQ29weXJpZ2h0ICZjb3B5OyAiLCJhZnRlciI6IiBDb2xvcndvcmtzIFMuTC4iLCJkYXRlX2Zvcm1hdCI6ImN1c3RvbSIsImN1c3RvbV9kYXRlX2Zvcm1hdCI6IlkifX0=@[\/et_pb_text][\/et_pb_column][\/et_pb_row][\/et_pb_section]<\/p>\n","protected":false},"excerpt":{"rendered":"<p>ColorworksColorworksAviso para Nuevos Visitantes Gracias por visitar Colorworks. Les informamos que actualmente operamos como una empresa de impresi\u00f3n privada, atendiendo \u00fanicamente a nuestros clientes existentes. Como parte de una reciente reducci\u00f3n de operaciones, ya no estamos aceptando nuevos clientes. Agradecemos a todos su inter\u00e9s en nuestros servicios a lo largo de los a\u00f1os. Para obtener [&hellip;]<\/p>\n","protected":false},"author":1,"featured_media":0,"parent":0,"menu_order":0,"comment_status":"closed","ping_status":"closed","template":"page-template-blank.php","meta":{"_et_pb_use_builder":"on","_et_pb_old_content":"","_et_gb_content_width":"","footnotes":""},"class_list":["post-138","page","type-page","status-publish","hentry"],"_links":{"self":[{"href":"https:\/\/www.colorworks.es\/es\/wp-json\/wp\/v2\/pages\/138","targetHints":{"allow":["GET"]}}],"collection":[{"href":"https:\/\/www.colorworks.es\/es\/wp-json\/wp\/v2\/pages"}],"about":[{"href":"https:\/\/www.colorworks.es\/es\/wp-json\/wp\/v2\/types\/page"}],"author":[{"embeddable":true,"href":"https:\/\/www.colorworks.es\/es\/wp-json\/wp\/v2\/users\/1"}],"replies":[{"embeddable":true,"href":"https:\/\/www.colorworks.es\/es\/wp-json\/wp\/v2\/comments?post=138"}],"version-history":[{"count":1,"href":"https:\/\/www.colorworks.es\/es\/wp-json\/wp\/v2\/pages\/138\/revisions"}],"predecessor-version":[{"id":140,"href":"https:\/\/www.colorworks.es\/es\/wp-json\/wp\/v2\/pages\/138\/revisions\/140"}],"wp:attachment":[{"href":"https:\/\/www.colorworks.es\/es\/wp-json\/wp\/v2\/media?parent=138"}],"curies":[{"name":"wp","href":"https:\/\/api.w.org\/{rel}","templated":true}]}}